{"id":5,"date":"2022-12-26T16:02:59","date_gmt":"2022-12-26T15:02:59","guid":{"rendered":"http:\/\/rhizoi.fr\/?page_id=5"},"modified":"2025-12-10T20:23:25","modified_gmt":"2025-12-10T19:23:25","slug":"accueil","status":"publish","type":"page","link":"https:\/\/rhizoi.fr\/","title":{"rendered":""},"content":{"rendered":"\n<div class=\"wp-block-group alignfull\"><div class=\"wp-block-group__inner-container is-layout-flow wp-block-group-is-layout-flow\"><\/div><\/div>\n\n\n\n<div class=\"wp-block-columns alignwide is-layout-flex wp-container-core-columns-is-layout-9d6595d7 wp-block-columns-is-layout-flex\">\n<div class=\"wp-block-column is-layout-flow wp-block-column-is-layout-flow\" style=\"flex-basis:75%\">\n<p class=\"has-large-font-size\" style=\"line-height:1.2\">Bienvenue sur le site d&rsquo;Isaline Rohmer<\/p>\n\n\n\n<p class=\"has-medium-font-size\">CONSEIL &amp; DIRECTION DE PROJETS | STRAT\u00c9GIE &amp; INNOVATION SOCIALE <\/p>\n\n\n\n<p class=\"has-text-color has-medium-font-size\" style=\"color:#000000b8\">FONDATIONS | ASSOCIATIONS | COOP\u00c9RATIVES | PROJETS DE TRANSITION \u00c9CO-SOCIALE<\/p>\n\n\n\n<p class=\"has-medium-font-size\">Une offre d&rsquo;accompagnement g\u00e9n\u00e9raliste \u00e0 destination des organisations philanthropiques, associations, entreprises porteuses de lien social, projets de transformation sociale, structures de l&rsquo;\u00e9conomie sociale et solidaire, et toutes les organisations qui cherchent \u00e0 concilier sens et efficience op\u00e9rationnelle, viabilit\u00e9 \u00e9conomique et respect du vivant.<\/p>\n\n\n\n<p class=\"has-black-color has-text-color has-small-font-size\"><\/p>\n\n\n\n<div class=\"wp-block-columns is-not-stacked-on-mobile is-layout-flex wp-container-core-columns-is-layout-9d6595d7 wp-block-columns-is-layout-flex\">\n<div class=\"wp-block-column has-background is-layout-flow wp-block-column-is-layout-flow\" style=\"background-color:#bab2de\">\n<p><\/p>\n<\/div>\n\n\n\n<div class=\"wp-block-column has-background is-layout-flow wp-block-column-is-layout-flow\" style=\"background-color:#f5d47a\">\n<p><\/p>\n<\/div>\n\n\n\n<div class=\"wp-block-column has-background is-layout-flow wp-block-column-is-layout-flow\" style=\"background-color:#87afda\">\n<p><\/p>\n<\/div>\n\n\n\n<div class=\"wp-block-column has-pale-pink-background-color has-background is-layout-flow wp-block-column-is-layout-flow\">\n<p><\/p>\n<\/div>\n\n\n\n<div class=\"wp-block-column has-background is-layout-flow wp-block-column-is-layout-flow\" style=\"background-color:#7fbbb3\">\n<p><\/p>\n<\/div>\n<\/div>\n<\/div>\n<\/div>\n\n\n\n<div style=\"height:100px\" aria-hidden=\"true\" class=\"wp-block-spacer\"><\/div>\n\n\n\n<div style=\"height:100px\" aria-hidden=\"true\" class=\"wp-block-spacer\"><\/div>\n\n\n\n<div style=\"height:100px\" aria-hidden=\"true\" class=\"wp-block-spacer\"><\/div>\n\n\n\n<div class=\"wp-block-columns alignwide is-layout-flex wp-container-core-columns-is-layout-9d6595d7 wp-block-columns-is-layout-flex\"><\/div>\n","protected":false},"excerpt":{"rendered":"<p>Bienvenue sur le site d&rsquo;Isaline Rohmer CONSEIL &amp; DIRECTION DE PROJETS | STRAT\u00c9GIE &amp; INNOVATION SOCIALE FONDATIONS | ASSOCIATIONS | COOP\u00c9RATIVES | PROJETS DE TRANSITION \u00c9CO-SOCIALE Une offre d&rsquo;accompagnement g\u00e9n\u00e9raliste &#8230;<\/p>\n","protected":false},"author":1,"featured_media":0,"parent":0,"menu_order":0,"comment_status":"closed","ping_status":"closed","template":"","meta":{"footnotes":""},"class_list":["post-5","page","type-page","status-publish","hentry"],"yoast_head":"<!-- This site is optimized with the Yoast SEO plugin v20.3 - https:\/\/yoast.com\/wordpress\/plugins\/seo\/ -->\n<title>- Rhizoi.fr %<\/title>\n<meta name=\"description\" content=\"Isaline Rohmer - Conseil - direction de projets - Strat\u00e9gie - Philanthropie - Innovation sociale - Transition juste - Une offre d&#039;accompagnement g\u00e9n\u00e9raliste \u00e0 destination des acteurs de la transition juste : organisations philanthropiques, associations, entreprises porteuses de lien social, projets de transformation \u00e9co-sociale, structures de l&#039;\u00e9conomie sociale et solidaire, et toutes les organisations qui cherchent \u00e0 concilier sens et efficience op\u00e9rationnelle, viabilit\u00e9 \u00e9conomique et respect du vivant.\" \/>\n<meta name=\"robots\" content=\"index, follow, max-snippet:-1, max-image-preview:large, max-video-preview:-1\" \/>\n<link rel=\"canonical\" href=\"https:\/\/rhizoi.fr\/\" \/>\n<meta property=\"og:locale\" content=\"fr_FR\" \/>\n<meta property=\"og:type\" content=\"article\" \/>\n<meta property=\"og:title\" content=\"- Rhizoi.fr %\" \/>\n<meta property=\"og:description\" content=\"Isaline Rohmer - Conseil - direction de projets - Strat\u00e9gie - Philanthropie - Innovation sociale - Transition juste - Une offre d&#039;accompagnement g\u00e9n\u00e9raliste \u00e0 destination des acteurs de la transition juste : organisations philanthropiques, associations, entreprises porteuses de lien social, projets de transformation \u00e9co-sociale, structures de l&#039;\u00e9conomie sociale et solidaire, et toutes les organisations qui cherchent \u00e0 concilier sens et efficience op\u00e9rationnelle, viabilit\u00e9 \u00e9conomique et respect du vivant.\" \/>\n<meta property=\"og:url\" content=\"https:\/\/rhizoi.fr\/\" \/>\n<meta property=\"og:site_name\" content=\"Rhizoi.fr\" \/>\n<meta property=\"article:modified_time\" content=\"2025-12-10T19:23:25+00:00\" \/>\n<meta name=\"twitter:card\" content=\"summary_large_image\" \/>\n<meta name=\"twitter:label1\" content=\"Dur\u00e9e de lecture estim\u00e9e\" \/>\n\t<meta name=\"twitter:data1\" content=\"1 minute\" \/>\n<script type=\"application\/ld+json\" class=\"yoast-schema-graph\">{\"@context\":\"https:\/\/schema.org\",\"@graph\":[{\"@type\":\"WebPage\",\"@id\":\"https:\/\/rhizoi.fr\/\",\"url\":\"https:\/\/rhizoi.fr\/\",\"name\":\"- Rhizoi.fr %\",\"isPartOf\":{\"@id\":\"https:\/\/rhizoi.fr\/#website\"},\"datePublished\":\"2022-12-26T15:02:59+00:00\",\"dateModified\":\"2025-12-10T19:23:25+00:00\",\"description\":\"Isaline Rohmer - Conseil - direction de projets - Strat\u00e9gie - Philanthropie - Innovation sociale - Transition juste - Une offre d'accompagnement g\u00e9n\u00e9raliste \u00e0 destination des acteurs de la transition juste : organisations philanthropiques, associations, entreprises porteuses de lien social, projets de transformation \u00e9co-sociale, structures de l'\u00e9conomie sociale et solidaire, et toutes les organisations qui cherchent \u00e0 concilier sens et efficience op\u00e9rationnelle, viabilit\u00e9 \u00e9conomique et respect du vivant.\",\"inLanguage\":\"fr-FR\",\"potentialAction\":[{\"@type\":\"ReadAction\",\"target\":[\"https:\/\/rhizoi.fr\/\"]}]},{\"@type\":\"WebSite\",\"@id\":\"https:\/\/rhizoi.fr\/#website\",\"url\":\"https:\/\/rhizoi.fr\/\",\"name\":\"Rhizoi.fr\",\"description\":\"Strat\u00e9gie, innovation sociale, lien social\",\"potentialAction\":[{\"@type\":\"SearchAction\",\"target\":{\"@type\":\"EntryPoint\",\"urlTemplate\":\"https:\/\/rhizoi.fr\/?s={search_term_string}\"},\"query-input\":\"required name=search_term_string\"}],\"inLanguage\":\"fr-FR\"}]}<\/script>\n<!-- \/ Yoast SEO plugin. -->","yoast_head_json":{"title":"- Rhizoi.fr %","description":"Isaline Rohmer - Conseil - direction de projets - Strat\u00e9gie - Philanthropie - Innovation sociale - Transition juste - Une offre d'accompagnement g\u00e9n\u00e9raliste \u00e0 destination des acteurs de la transition juste : organisations philanthropiques, associations, entreprises porteuses de lien social, projets de transformation \u00e9co-sociale, structures de l'\u00e9conomie sociale et solidaire, et toutes les organisations qui cherchent \u00e0 concilier sens et efficience op\u00e9rationnelle, viabilit\u00e9 \u00e9conomique et respect du vivant.","robots":{"index":"index","follow":"follow","max-snippet":"max-snippet:-1","max-image-preview":"max-image-preview:large","max-video-preview":"max-video-preview:-1"},"canonical":"https:\/\/rhizoi.fr\/","og_locale":"fr_FR","og_type":"article","og_title":"- Rhizoi.fr %","og_description":"Isaline Rohmer - Conseil - direction de projets - Strat\u00e9gie - Philanthropie - Innovation sociale - Transition juste - Une offre d'accompagnement g\u00e9n\u00e9raliste \u00e0 destination des acteurs de la transition juste : organisations philanthropiques, associations, entreprises porteuses de lien social, projets de transformation \u00e9co-sociale, structures de l'\u00e9conomie sociale et solidaire, et toutes les organisations qui cherchent \u00e0 concilier sens et efficience op\u00e9rationnelle, viabilit\u00e9 \u00e9conomique et respect du vivant.","og_url":"https:\/\/rhizoi.fr\/","og_site_name":"Rhizoi.fr","article_modified_time":"2025-12-10T19:23:25+00:00","twitter_card":"summary_large_image","twitter_misc":{"Dur\u00e9e de lecture estim\u00e9e":"1 minute"},"schema":{"@context":"https:\/\/schema.org","@graph":[{"@type":"WebPage","@id":"https:\/\/rhizoi.fr\/","url":"https:\/\/rhizoi.fr\/","name":"- Rhizoi.fr %","isPartOf":{"@id":"https:\/\/rhizoi.fr\/#website"},"datePublished":"2022-12-26T15:02:59+00:00","dateModified":"2025-12-10T19:23:25+00:00","description":"Isaline Rohmer - Conseil - direction de projets - Strat\u00e9gie - Philanthropie - Innovation sociale - Transition juste - Une offre d'accompagnement g\u00e9n\u00e9raliste \u00e0 destination des acteurs de la transition juste : organisations philanthropiques, associations, entreprises porteuses de lien social, projets de transformation \u00e9co-sociale, structures de l'\u00e9conomie sociale et solidaire, et toutes les organisations qui cherchent \u00e0 concilier sens et efficience op\u00e9rationnelle, viabilit\u00e9 \u00e9conomique et respect du vivant.","inLanguage":"fr-FR","potentialAction":[{"@type":"ReadAction","target":["https:\/\/rhizoi.fr\/"]}]},{"@type":"WebSite","@id":"https:\/\/rhizoi.fr\/#website","url":"https:\/\/rhizoi.fr\/","name":"Rhizoi.fr","description":"Strat\u00e9gie, innovation sociale, lien social","potentialAction":[{"@type":"SearchAction","target":{"@type":"EntryPoint","urlTemplate":"https:\/\/rhizoi.fr\/?s={search_term_string}"},"query-input":"required name=search_term_string"}],"inLanguage":"fr-FR"}]}},"_links":{"self":[{"href":"https:\/\/rhizoi.fr\/index.php\/wp-json\/wp\/v2\/pages\/5","targetHints":{"allow":["GET"]}}],"collection":[{"href":"https:\/\/rhizoi.fr\/index.php\/wp-json\/wp\/v2\/pages"}],"about":[{"href":"https:\/\/rhizoi.fr\/index.php\/wp-json\/wp\/v2\/types\/page"}],"author":[{"embeddable":true,"href":"https:\/\/rhizoi.fr\/index.php\/wp-json\/wp\/v2\/users\/1"}],"replies":[{"embeddable":true,"href":"https:\/\/rhizoi.fr\/index.php\/wp-json\/wp\/v2\/comments?post=5"}],"version-history":[{"count":148,"href":"https:\/\/rhizoi.fr\/index.php\/wp-json\/wp\/v2\/pages\/5\/revisions"}],"predecessor-version":[{"id":578,"href":"https:\/\/rhizoi.fr\/index.php\/wp-json\/wp\/v2\/pages\/5\/revisions\/578"}],"wp:attachment":[{"href":"https:\/\/rhizoi.fr\/index.php\/wp-json\/wp\/v2\/media?parent=5"}],"curies":[{"name":"wp","href":"https:\/\/api.w.org\/{rel}","templated":true}]}}